{"id":58,"date":"2021-11-19T09:08:47","date_gmt":"2021-11-19T08:08:47","guid":{"rendered":"https:\/\/ostroleka-komornik.com\/?page_id=58"},"modified":"2023-08-22T16:29:30","modified_gmt":"2023-08-22T14:29:30","slug":"o-nas","status":"publish","type":"page","link":"https:\/\/ostroleka-komornik.com\/index.php\/o-nas\/","title":{"rendered":"O Kancelarii"},"content":{"rendered":"\t\t<div data-elementor-type=\"wp-page\" data-elementor-id=\"58\" class=\"elementor elementor-58\">\n\t\t\t\t\t\t<section class=\"elementor-section elementor-top-section elementor-element elementor-element-5dadec77 elementor-section-content-middle elementor-section-boxed elementor-section-height-default elementor-section-height-default elementor-invisible\" data-id=\"5dadec77\" data-element_type=\"section\" data-e-type=\"section\" data-settings=\"{&quot;background_background&quot;:&quot;classic&quot;,&quot;animation&quot;:&quot;fadeIn&quot;}\">\n\t\t\t\t\t\t<div class=\"elementor-container elementor-column-gap-no\">\n\t\t\t\t\t<div class=\"elementor-column elementor-col-50 elementor-top-column elementor-element elementor-element-79619c7a\" data-id=\"79619c7a\" data-element_type=\"column\" data-e-type=\"column\">\n\t\t\t<div class=\"elementor-widget-wrap elementor-element-populated\">\n\t\t\t\t\t\t<div class=\"elementor-element elementor-element-33d0f9ff elementor-widget-divider--view-line elementor-widget elementor-widget-divider\" data-id=\"33d0f9ff\" data-element_type=\"widget\" data-e-type=\"widget\" data-widget_type=\"divider.default\">\n\t\t\t\t<div class=\"elementor-widget-container\">\n\t\t\t\t\t\t\t<div class=\"elementor-divider\">\n\t\t\t<span class=\"elementor-divider-separator\">\n\t\t\t\t\t\t<\/span>\n\t\t<\/div>\n\t\t\t\t\t\t<\/div>\n\t\t\t\t<\/div>\n\t\t\t\t\t<\/div>\n\t\t<\/div>\n\t\t\t\t<div class=\"elementor-column elementor-col-50 elementor-top-column elementor-element elementor-element-19c68090\" data-id=\"19c68090\" data-element_type=\"column\" data-e-type=\"column\">\n\t\t\t<div class=\"elementor-widget-wrap elementor-element-populated\">\n\t\t\t\t\t\t<div class=\"elementor-element elementor-element-1c5c3763 elementor-widget elementor-widget-heading\" data-id=\"1c5c3763\" data-element_type=\"widget\" data-e-type=\"widget\" data-widget_type=\"heading.default\">\n\t\t\t\t<div class=\"elementor-widget-container\">\n\t\t\t\t\t<h4 class=\"elementor-heading-title elementor-size-default\">O Kancelarii<\/h4>\t\t\t\t<\/div>\n\t\t\t\t<\/div>\n\t\t\t\t<div class=\"elementor-element elementor-element-13db58e2 elementor-widget elementor-widget-text-editor\" data-id=\"13db58e2\" data-element_type=\"widget\" data-e-type=\"widget\" data-widget_type=\"text-editor.default\">\n\t\t\t\t<div class=\"elementor-widget-container\">\n\t\t\t\t\t\t\t\t\t<p>Kancelaria powsta\u0142a w 2019 r. W pracy mojej kancelarii k\u0142ad\u0119 nacisk na skuteczno\u015b\u0107, rzetelno\u015b\u0107\u00a0<span style=\"font-family: var( --e-global-typography-text-font-family ), Sans-serif;\">oraz poszanowanie praw stron oraz uczestnik\u00f3w prowadzonych post\u0119powa\u0144. Zesp\u00f3\u0142 kancelarii\u00a0<\/span><span style=\"font-family: var( --e-global-typography-text-font-family ), Sans-serif;\">posiada do\u015bwiadczenie w prowadzeniu spraw egzekucyjnych. Kancelaria jest w pe\u0142ni\u00a0<\/span><span style=\"font-family: var( --e-global-typography-text-font-family ), Sans-serif;\">zinformatyzowana.<\/span><\/p>\t\t\t\t\t\t\t\t<\/div>\n\t\t\t\t<\/div>\n\t\t\t\t\t<\/div>\n\t\t<\/div>\n\t\t\t\t\t<\/div>\n\t\t<\/section>\n\t\t\t\t<section class=\"elementor-section elementor-top-section elementor-element elementor-element-bf195de elementor-section-boxed elementor-section-height-default elementor-section-height-default elementor-invisible\" data-id=\"bf195de\" data-element_type=\"section\" data-e-type=\"section\" data-settings=\"{&quot;background_background&quot;:&quot;classic&quot;,&quot;animation&quot;:&quot;fadeIn&quot;}\">\n\t\t\t\t\t\t<div class=\"elementor-container elementor-column-gap-default\">\n\t\t\t\t\t<div class=\"elementor-column elementor-col-100 elementor-top-column elementor-element elementor-element-fe21546\" data-id=\"fe21546\" data-element_type=\"column\" data-e-type=\"column\">\n\t\t\t<div class=\"elementor-widget-wrap elementor-element-populated\">\n\t\t\t\t\t\t<div class=\"elementor-element elementor-element-6ba87e5 elementor-widget elementor-widget-text-editor\" data-id=\"6ba87e5\" data-element_type=\"widget\" data-e-type=\"widget\" data-widget_type=\"text-editor.default\">\n\t\t\t\t<div class=\"elementor-widget-container\">\n\t\t\t\t\t\t\t\t\t<p>Systemy informatyczne<\/p>\t\t\t\t\t\t\t\t<\/div>\n\t\t\t\t<\/div>\n\t\t\t\t\t<\/div>\n\t\t<\/div>\n\t\t\t\t\t<\/div>\n\t\t<\/section>\n\t\t\t\t<section class=\"elementor-section elementor-top-section elementor-element elementor-element-0851f28 elementor-section-boxed elementor-section-height-default elementor-section-height-default elementor-invisible\" data-id=\"0851f28\" data-element_type=\"section\" data-e-type=\"section\" data-settings=\"{&quot;background_background&quot;:&quot;classic&quot;,&quot;animation&quot;:&quot;fadeIn&quot;}\">\n\t\t\t\t\t\t<div class=\"elementor-container elementor-column-gap-default\">\n\t\t\t\t\t<div class=\"elementor-column elementor-col-100 elementor-top-column elementor-element elementor-element-ab840f1\" data-id=\"ab840f1\" data-element_type=\"column\" data-e-type=\"column\">\n\t\t\t<div class=\"elementor-widget-wrap elementor-element-populated\">\n\t\t\t\t\t\t<div class=\"elementor-element elementor-element-73c7cb3 elementor-widget elementor-widget-text-editor\" data-id=\"73c7cb3\" data-element_type=\"widget\" data-e-type=\"widget\" data-widget_type=\"text-editor.default\">\n\t\t\t\t<div class=\"elementor-widget-container\">\n\t\t\t\t\t\t\t\t\t<p>wykorzystywane w Kancelarii<\/p>\t\t\t\t\t\t\t\t<\/div>\n\t\t\t\t<\/div>\n\t\t\t\t\t<\/div>\n\t\t<\/div>\n\t\t\t\t\t<\/div>\n\t\t<\/section>\n\t\t\t\t<section class=\"elementor-section elementor-top-section elementor-element elementor-element-6e7af6c elementor-section-boxed elementor-section-height-default elementor-section-height-default elementor-invisible\" data-id=\"6e7af6c\" data-element_type=\"section\" data-e-type=\"section\" data-settings=\"{&quot;background_background&quot;:&quot;classic&quot;,&quot;animation&quot;:&quot;fadeIn&quot;}\">\n\t\t\t\t\t\t<div class=\"elementor-container elementor-column-gap-default\">\n\t\t\t\t\t<div class=\"elementor-column elementor-col-33 elementor-top-column elementor-element elementor-element-df3bf8e\" data-id=\"df3bf8e\" data-element_type=\"column\" data-e-type=\"column\">\n\t\t\t<div class=\"elementor-widget-wrap elementor-element-populated\">\n\t\t\t\t\t\t<div class=\"elementor-element elementor-element-8ec3d5d elementor-widget elementor-widget-text-editor\" data-id=\"8ec3d5d\" data-element_type=\"widget\" data-e-type=\"widget\" data-widget_type=\"text-editor.default\">\n\t\t\t\t<div class=\"elementor-widget-container\">\n\t\t\t\t\t\t\t\t\t<p><span style=\"color: rgb(0, 0, 0); font-size: 20px; text-align: center;\"><b>Komornik SQL<\/b><\/span><br><\/p>\t\t\t\t\t\t\t\t<\/div>\n\t\t\t\t<\/div>\n\t\t\t\t\t<\/div>\n\t\t<\/div>\n\t\t\t\t<div class=\"elementor-column elementor-col-33 elementor-top-column elementor-element elementor-element-906ad44\" data-id=\"906ad44\" data-element_type=\"column\" data-e-type=\"column\">\n\t\t\t<div class=\"elementor-widget-wrap elementor-element-populated\">\n\t\t\t\t\t\t<div class=\"elementor-element elementor-element-b6b2e40 elementor-widget elementor-widget-text-editor\" data-id=\"b6b2e40\" data-element_type=\"widget\" data-e-type=\"widget\" data-widget_type=\"text-editor.default\">\n\t\t\t\t<div class=\"elementor-widget-container\">\n\t\t\t\t\t\t\t\t\t<p><span style=\"color: #000000; font-size: 20px; text-align: center;\"><b>Ognivo<\/b><\/span><\/p>\t\t\t\t\t\t\t\t<\/div>\n\t\t\t\t<\/div>\n\t\t\t\t\t<\/div>\n\t\t<\/div>\n\t\t\t\t<div class=\"elementor-column elementor-col-33 elementor-top-column elementor-element elementor-element-6b4f2c4\" data-id=\"6b4f2c4\" data-element_type=\"column\" data-e-type=\"column\">\n\t\t\t<div class=\"elementor-widget-wrap elementor-element-populated\">\n\t\t\t\t\t\t<div class=\"elementor-element elementor-element-914253d elementor-widget elementor-widget-text-editor\" data-id=\"914253d\" data-element_type=\"widget\" data-e-type=\"widget\" data-widget_type=\"text-editor.default\">\n\t\t\t\t<div class=\"elementor-widget-container\">\n\t\t\t\t\t\t\t\t\t<p><span style=\"color: #000000; font-size: 20px; text-align: center;\"><b>CEPiK<\/b><\/span><\/p>\t\t\t\t\t\t\t\t<\/div>\n\t\t\t\t<\/div>\n\t\t\t\t\t<\/div>\n\t\t<\/div>\n\t\t\t\t\t<\/div>\n\t\t<\/section>\n\t\t\t\t<section class=\"elementor-section elementor-top-section elementor-element elementor-element-6e54159 elementor-section-boxed elementor-section-height-default elementor-section-height-default elementor-invisible\" data-id=\"6e54159\" data-element_type=\"section\" data-e-type=\"section\" data-settings=\"{&quot;background_background&quot;:&quot;classic&quot;,&quot;animation&quot;:&quot;fadeIn&quot;}\">\n\t\t\t\t\t\t<div class=\"elementor-container elementor-column-gap-default\">\n\t\t\t\t\t<div class=\"elementor-column elementor-col-33 elementor-top-column elementor-element elementor-element-8e32f02\" data-id=\"8e32f02\" data-element_type=\"column\" data-e-type=\"column\">\n\t\t\t<div class=\"elementor-widget-wrap elementor-element-populated\">\n\t\t\t\t\t\t<div class=\"elementor-element elementor-element-c4f58f3 elementor-widget elementor-widget-text-editor\" data-id=\"c4f58f3\" data-element_type=\"widget\" data-e-type=\"widget\" data-widget_type=\"text-editor.default\">\n\t\t\t\t<div class=\"elementor-widget-container\">\n\t\t\t\t\t\t\t\t\t<p><span style=\"color: #000000; font-size: 20px; text-align: center;\"><b>CBD EKW<\/b><\/span><\/p>\t\t\t\t\t\t\t\t<\/div>\n\t\t\t\t<\/div>\n\t\t\t\t\t<\/div>\n\t\t<\/div>\n\t\t\t\t<div class=\"elementor-column elementor-col-33 elementor-top-column elementor-element elementor-element-c880785\" data-id=\"c880785\" data-element_type=\"column\" data-e-type=\"column\">\n\t\t\t<div class=\"elementor-widget-wrap elementor-element-populated\">\n\t\t\t\t\t\t<div class=\"elementor-element elementor-element-3bbd982 elementor-widget elementor-widget-text-editor\" data-id=\"3bbd982\" data-element_type=\"widget\" data-e-type=\"widget\" data-widget_type=\"text-editor.default\">\n\t\t\t\t<div class=\"elementor-widget-container\">\n\t\t\t\t\t\t\t\t\t<p><span style=\"color: #000000; font-size: 20px; text-align: center;\"><b>Komornik Online<\/b><\/span><\/p>\t\t\t\t\t\t\t\t<\/div>\n\t\t\t\t<\/div>\n\t\t\t\t\t<\/div>\n\t\t<\/div>\n\t\t\t\t<div class=\"elementor-column elementor-col-33 elementor-top-column elementor-element elementor-element-c395ad0\" data-id=\"c395ad0\" data-element_type=\"column\" data-e-type=\"column\">\n\t\t\t<div class=\"elementor-widget-wrap elementor-element-populated\">\n\t\t\t\t\t\t<div class=\"elementor-element elementor-element-fc9e28c elementor-widget elementor-widget-text-editor\" data-id=\"fc9e28c\" data-element_type=\"widget\" data-e-type=\"widget\" data-widget_type=\"text-editor.default\">\n\t\t\t\t<div class=\"elementor-widget-container\">\n\t\t\t\t\t\t\t\t\t<p><span style=\"color: #000000; font-size: 20px; text-align: center;\"><b>Inne dedykowane systemy<\/b><\/span><\/p>\t\t\t\t\t\t\t\t<\/div>\n\t\t\t\t<\/div>\n\t\t\t\t\t<\/div>\n\t\t<\/div>\n\t\t\t\t\t<\/div>\n\t\t<\/section>\n\t\t\t\t<section class=\"elementor-section elementor-top-section elementor-element elementor-element-3dfe476 elementor-section-boxed elementor-section-height-default elementor-section-height-default elementor-invisible\" data-id=\"3dfe476\" data-element_type=\"section\" data-e-type=\"section\" data-settings=\"{&quot;background_background&quot;:&quot;classic&quot;,&quot;animation&quot;:&quot;fadeIn&quot;}\">\n\t\t\t\t\t\t<div class=\"elementor-container elementor-column-gap-default\">\n\t\t\t\t\t<div class=\"elementor-column elementor-col-100 elementor-top-column elementor-element elementor-element-aab17aa\" data-id=\"aab17aa\" data-element_type=\"column\" data-e-type=\"column\">\n\t\t\t<div class=\"elementor-widget-wrap elementor-element-populated\">\n\t\t\t\t\t\t<div class=\"elementor-element elementor-element-acb0967 elementor-widget elementor-widget-text-editor\" data-id=\"acb0967\" data-element_type=\"widget\" data-e-type=\"widget\" data-widget_type=\"text-editor.default\">\n\t\t\t\t<div class=\"elementor-widget-container\">\n\t\t\t\t\t\t\t\t\t<p>Zgodnie z art.10 ust.1 ustawy o komornikach s\u0105dowych Komornik dzia\u0142a na obszarze swojego rewiru<\/p><p>komorniczego z zastrze\u017ceniem ust.10, kt\u00f3ry stanowi, i\u017c <b>wierzyciel ma prawo wyboru komornika na<\/b><\/p><p><b>obszarze w\u0142a\u015bciwo\u015bci s\u0105du apelacyjnego, na kt\u00f3rym znajduje si\u0119 siedziba kancelarii komornika<\/b><\/p><p><b>w\u0142a\u015bciwego<\/b> z przepisami ustawy z dnia 17 listopada 1964r. \u2013 Kodeks post\u0119powania cywilnego, z wyj\u0105tkiem<\/p><p>spraw:<\/p><p>o egzekucj\u0119 z nieruchomo\u015bci;<\/p><p>o wydanie nieruchomo\u015bci;<\/p><p>o wprowadzenie w posiadanie nieruchomo\u015bci;<\/p><p>o opr\u00f3\u017cnienie pomieszcze\u0144, w tym lokali mieszkalnych, z os\u00f3b lub rzeczy;<\/p><p>w kt\u00f3rych przepisy o egzekucji z nieruchomo\u015bci stosuje si\u0119 odpowiednio.<\/p><p>Komornik S\u0105dowy Rafa\u0142 Mizerek dzia\u0142a na terenie rewiru S\u0105du Rejonowego w Ostro\u0142\u0119ce oraz w<\/p><p>przypadku skorzystania przez wierzyciela z prawa wyboru, na terenie w\u0142a\u015bciwo\u015bci S\u0105du Apelacyjnego w<\/p><p>Bia\u0142ymstoku.<\/p><p>Wierzyciel ma prawo wyboru komornika na obszarze w\u0142a\u015bciwo\u015bci s\u0105du apelacyjnego, na kt\u00f3rym znajduje si\u0119 siedziba kancelarii komornika w\u0142a\u015bciwego zgodnie z przepisami ustawy ( Ustawa z dnia 22 marca 2018 r. o komornikach s\u0105dowych Dz.U. 2018 poz. 771 ) s\u0105dem apelacyjnym, w kt\u00f3rego w\u0142a\u015bciwo\u015bci dzia\u0142a Komornik S\u0105dowy Marcin Cicho\u0144 jest S\u0105d Apelacyjny w Bia\u0142ymstoku.<\/p><p><br \/>S\u0105dowi Apelacyjnemu w Bia\u0142ymstoku podlega 5 s\u0105d\u00f3w okr\u0119gowych, kt\u00f3re sw\u0105 w\u0142a\u015bciwo\u015bci\u0105 obejmuj\u0105 \u0142\u0105cznie obszar ca\u0142ego wojew\u00f3dztwa podlaskiego, znaczn\u0105 cz\u0119\u015b\u0107 warmi\u0144sko-mazurskiego oraz p\u00f3\u0142nocno-wschodni\u0105 cz\u0119\u015b\u0107 mazowieckiego:<\/p><p>S\u0105d Okr\u0119gowy w Bia\u0142ymstoku<br \/>S\u0105d Okr\u0119gowy w \u0141om\u017cy<br \/>S\u0105d Okr\u0119gowy w Olsztynie<br \/>S\u0105d Okr\u0119gowy w Ostro\u0142\u0119ce<br \/>S\u0105d Okr\u0119gowy w Suwa\u0142kach.<\/p><p><br \/>Okr\u0119g ostro\u0142\u0119cki<\/p><p>S\u0105d Rejonowy w Ostro\u0142\u0119ce (miasto Ostro\u0142\u0119ka i wszystkie gminy powiatu ostro\u0142\u0119ckiego tj: Baranowo, Czarnia, Czerwin, Goworowo, Kadzid\u0142o, Lelis, \u0141yse, Myszyniec (gmina miejsko-wiejska), Olszewo-Borki, Rzeku\u0144 i Troszyn ) Jest to jednocze\u015bnie obszar w\u0142a\u015bciwy do sk\u0142adania wniosk\u00f3w o egzekucj\u0119 z nieruchomo\u015bci<br \/>S\u0105d Rejonowy w Ostrowi Mazowieckiej (wszystkie gminy powiatu ostrowskiego)<br \/>S\u0105d Rejonowy w Przasnyszu (wszystkie gminy powiat\u00f3w makowskiego i przasnyskiego)<br \/>S\u0105d Rejonowy w Pu\u0142tusku (wszystkie gminy powiatu pu\u0142tuskiego oraz gmina Nasielsk z powiatu nowodworskiego)<br \/>S\u0105d Rejonowy w Wyszkowie (wszystkie gminy powiatu wyszkowskiego)<\/p><p>\u00a0<\/p><p>Okr\u0119g bia\u0142ostocki<\/p><p>S\u0105d Rejonowy w Bia\u0142ymstoku (miasto Bia\u0142ystok, wszystkie gminy powiatu bia\u0142ostockiego opr\u00f3cz gminy Zawady oraz wszystkie gminy powiatu monieckiego opr\u00f3cz gmin Goni\u0105dz i Trzcianne)<br \/>S\u0105d Rejonowy w Bielsku Podlaskim (wszystkie gminy powiat\u00f3w: bielskiego, hajnowskiego i siemiatyckiego<br \/>S\u0105d Rejonowy w Sok\u00f3\u0142ce (wszystkie gminy powiatu sok\u00f3lskiego<\/p><p><br \/>Okr\u0119g \u0142om\u017cy\u0144ski<\/p><p>S\u0105d Rejonowy w Grajewie (wszystkie gminy powiatu grajewskiego oraz gminy Goni\u0105dz i Trzcianne z powiatu monieckiego<br \/>S\u0105d Rejonowy w \u0141om\u017cy (miasto \u0141om\u017ca oraz wszystkie gminy powiat\u00f3w kolne\u0144skiego i \u0142om\u017cy\u0144skiego)<br \/>S\u0105d Rejonowy w Wysokiem Mazowieckiem (wszystkie gminy powiatu wysokomazowieckiego).<br \/>S\u0105d Rejonowy w Zambrowie (wszystkie gminy powiatu zambrowskiego oraz gmina Zawady z powiatu bia\u0142ostockiego)<\/p><p><br \/>Okr\u0119g olszty\u0144ski<\/p><p>S\u0105d Rejonowy w Bartoszycach (wszystkie gminy powiatu bartoszyckiego opr\u00f3cz gminy Bisztynek)<br \/>S\u0105d Rejonowy w Biskupcu (gminy Biskupiec, Jeziorany i Kolno z powiatu olszty\u0144skiego oraz gmina Bisztynek z powiatu bartoszyckiego)<br \/>S\u0105d Rejonowy w Gi\u017cycku (wszystkie gminy powiat\u00f3w gi\u017cyckiego i w\u0119gorzewskiego)<br \/>S\u0105d Rejonowy w K\u0119trzynie (wszystkie gminy powiatu k\u0119trzy\u0144skiego)<br \/>S\u0105d Rejonowy w Lidzbarku Warmi\u0144skim (wszystkie gminy powiatu lidzbarskiego)<br \/>S\u0105d Rejonowy w Mr\u0105gowie (wszystkie gminy powiatu mr\u0105gowskiego)<br \/>S\u0105d Rejonowy w Nidzicy (wszystkie gminy powiatu nidzickiego)<br \/>S\u0105d Rejonowy w Olsztynie (miasto Olsztyn oraz wszystkie gminy powiatu olszty\u0144skiego opr\u00f3cz gmin Biskupiec, Jeziorany i Kolno)<br \/>S\u0105d Rejonowy w Piszu (wszystkie gminy powiatu piskiego)<br \/>S\u0105d Rejonowy w Szczytnie (wszystkie gminy powiatu szczycie\u0144skiego)<\/p><p><br \/>Okr\u0119g suwalski<\/p><p>S\u0105d Rejonowy w Augustowie (wszystkie gminy powiat\u00f3w augustowskiego i sejne\u0144skiego).<br \/>S\u0105d Rejonowy w E\u0142ku (wszystkie gminy powiatu e\u0142ckiego)<br \/>S\u0105d Rejonowy w Olecku (wszystkie gminy powiat\u00f3w go\u0142dapskiego i oleckiego)<br \/>S\u0105d Rejonowy w Suwa\u0142kach (miasto Suwa\u0142ki i wszystkie gminy powiatu suwalskiego)<\/p>\t\t\t\t\t\t\t\t<\/div>\n\t\t\t\t<\/div>\n\t\t\t\t\t<\/div>\n\t\t<\/div>\n\t\t\t\t\t<\/div>\n\t\t<\/section>\n\t\t\t\t<\/div>\n\t\t","protected":false},"excerpt":{"rendered":"<p>O Kancelarii Kancelaria powsta\u0142a w 2019 r. W pracy mojej kancelarii k\u0142ad\u0119 nacisk na skuteczno\u015b\u0107, rzetelno\u015b\u0107\u00a0oraz poszanowanie praw stron oraz uczestnik\u00f3w prowadzonych post\u0119powa\u0144. Zesp\u00f3\u0142 kancelarii\u00a0posiada do\u015bwiadczenie w prowadzeniu spraw egzekucyjnych. Kancelaria jest w pe\u0142ni\u00a0zinformatyzowana. Systemy informatyczne wykorzystywane w Kancelarii Komornik SQL Ognivo CEPiK CBD EKW Komornik Online Inne dedykowane systemy Zgodnie z art.10 ust.1 ustawy [&hellip;]<\/p>\n","protected":false},"author":1,"featured_media":0,"parent":0,"menu_order":0,"comment_status":"closed","ping_status":"closed","template":"","meta":{"om_disable_all_campaigns":false,"_monsterinsights_skip_tracking":false,"_monsterinsights_sitenote_active":false,"_monsterinsights_sitenote_note":"","_monsterinsights_sitenote_category":0,"footnotes":""},"class_list":["post-58","page","type-page","status-publish","hentry"],"_links":{"self":[{"href":"https:\/\/ostroleka-komornik.com\/index.php\/wp-json\/wp\/v2\/pages\/58","targetHints":{"allow":["GET"]}}],"collection":[{"href":"https:\/\/ostroleka-komornik.com\/index.php\/wp-json\/wp\/v2\/pages"}],"about":[{"href":"https:\/\/ostroleka-komornik.com\/index.php\/wp-json\/wp\/v2\/types\/page"}],"author":[{"embeddable":true,"href":"https:\/\/ostroleka-komornik.com\/index.php\/wp-json\/wp\/v2\/users\/1"}],"replies":[{"embeddable":true,"href":"https:\/\/ostroleka-komornik.com\/index.php\/wp-json\/wp\/v2\/comments?post=58"}],"version-history":[{"count":131,"href":"https:\/\/ostroleka-komornik.com\/index.php\/wp-json\/wp\/v2\/pages\/58\/revisions"}],"predecessor-version":[{"id":852,"href":"https:\/\/ostroleka-komornik.com\/index.php\/wp-json\/wp\/v2\/pages\/58\/revisions\/852"}],"wp:attachment":[{"href":"https:\/\/ostroleka-komornik.com\/index.php\/wp-json\/wp\/v2\/media?parent=58"}],"curies":[{"name":"wp","href":"https:\/\/api.w.org\/{rel}","templated":true}]}}