{"id":419,"date":"2021-12-30T09:39:24","date_gmt":"2021-12-30T08:39:24","guid":{"rendered":"https:\/\/ostroleka-komornik.com\/?page_id=419"},"modified":"2025-11-12T21:51:38","modified_gmt":"2025-11-12T20:51:38","slug":"rodo","status":"publish","type":"page","link":"https:\/\/ostroleka-komornik.com\/index.php\/rodo\/","title":{"rendered":"RODO"},"content":{"rendered":"\t\t<div data-elementor-type=\"wp-page\" data-elementor-id=\"419\" class=\"elementor elementor-419\">\n\t\t\t\t\t\t<section class=\"elementor-section elementor-top-section elementor-element elementor-element-1a752d90 elementor-section-content-middle elementor-section-boxed elementor-section-height-default elementor-section-height-default elementor-invisible\" data-id=\"1a752d90\" data-element_type=\"section\" data-e-type=\"section\" data-settings=\"{&quot;background_background&quot;:&quot;classic&quot;,&quot;animation&quot;:&quot;fadeIn&quot;}\">\n\t\t\t\t\t\t<div class=\"elementor-container elementor-column-gap-no\">\n\t\t\t\t\t<div class=\"elementor-column elementor-col-50 elementor-top-column elementor-element elementor-element-47c3075e\" data-id=\"47c3075e\" data-element_type=\"column\" data-e-type=\"column\">\n\t\t\t<div class=\"elementor-widget-wrap elementor-element-populated\">\n\t\t\t\t\t\t<div class=\"elementor-element elementor-element-7b4813db elementor-widget-divider--view-line elementor-widget elementor-widget-divider\" data-id=\"7b4813db\" data-element_type=\"widget\" data-e-type=\"widget\" data-widget_type=\"divider.default\">\n\t\t\t\t<div class=\"elementor-widget-container\">\n\t\t\t\t\t\t\t<div class=\"elementor-divider\">\n\t\t\t<span class=\"elementor-divider-separator\">\n\t\t\t\t\t\t<\/span>\n\t\t<\/div>\n\t\t\t\t\t\t<\/div>\n\t\t\t\t<\/div>\n\t\t\t\t\t<\/div>\n\t\t<\/div>\n\t\t\t\t<div class=\"elementor-column elementor-col-50 elementor-top-column elementor-element elementor-element-512254fa\" data-id=\"512254fa\" data-element_type=\"column\" data-e-type=\"column\">\n\t\t\t<div class=\"elementor-widget-wrap elementor-element-populated\">\n\t\t\t\t\t\t<div class=\"elementor-element elementor-element-1229b74 elementor-widget elementor-widget-heading\" data-id=\"1229b74\" data-element_type=\"widget\" data-e-type=\"widget\" data-widget_type=\"heading.default\">\n\t\t\t\t<div class=\"elementor-widget-container\">\n\t\t\t\t\t<h4 class=\"elementor-heading-title elementor-size-default\">RODO<\/h4>\t\t\t\t<\/div>\n\t\t\t\t<\/div>\n\t\t\t\t\t<\/div>\n\t\t<\/div>\n\t\t\t\t\t<\/div>\n\t\t<\/section>\n\t\t\t\t<section class=\"elementor-section elementor-top-section elementor-element elementor-element-f2afc2d elementor-section-boxed elementor-section-height-default elementor-section-height-default elementor-invisible\" data-id=\"f2afc2d\" data-element_type=\"section\" data-e-type=\"section\" data-settings=\"{&quot;background_background&quot;:&quot;classic&quot;,&quot;animation&quot;:&quot;fadeIn&quot;}\">\n\t\t\t\t\t\t<div class=\"elementor-container elementor-column-gap-default\">\n\t\t\t\t\t<div class=\"elementor-column elementor-col-66 elementor-top-column elementor-element elementor-element-418443b\" data-id=\"418443b\" data-element_type=\"column\" data-e-type=\"column\">\n\t\t\t<div class=\"elementor-widget-wrap elementor-element-populated\">\n\t\t\t\t\t\t<div class=\"elementor-element elementor-element-bdcc4fc elementor-widget elementor-widget-text-editor\" data-id=\"bdcc4fc\" data-element_type=\"widget\" data-e-type=\"widget\" data-widget_type=\"text-editor.default\">\n\t\t\t\t<div class=\"elementor-widget-container\">\n\t\t\t\t\t\t\t\t\t<p>Je\u017celi jeste\u015b Stron\u0105 i\/lub Uczestnikiem post\u0119powania, jeste\u015b ju\u017c naszym Kontrahentem lub Klientem lub je\u017celi posiadamy ju\u017c Twoje dane osobowe (w tym powierzono nam je na podstawie w\u0142a\u015bciwych um\u00f3w lub przepis\u00f3w prawa lub zgody), informujemy, \u017ce mo\u017cesz w ka\u017cdej chwili za\u017c\u0105da\u0107 do nich dost\u0119pu, ich sprostowania, usuni\u0119cia, ograniczenia przetwarzania, przeniesienia lub masz prawo do wniesienia sprzeciwu wobec ich przetwarzania, prawo do cofni\u0119cia zgody na ich przetwarzanie. Mo\u017cemy odm\u00f3wi\u0107 wykonania \u017c\u0105dania je\u017celi przetwarzania Twoich danych osobowych wymagaj\u0105 od nas bezwzgl\u0119dnie obowi\u0105zuj\u0105ce przepisy prawa lub ich przetwarzania wymaga uzasadniony interes Kancelarii. Twoje dane osobowe przetwarzane s\u0105 jedynie w celu wykonywania zada\u0144 na\u0142o\u017conych na komornik\u00f3w s\u0105dowych przepisami prawa oraz w celu zapewnienia prawid\u0142owego funkcjonowania Kancelarii, tj. w celu wykonania zawartych um\u00f3w, wzgl\u0119dnie na podstawie uzasadnionego interesu Kancelarii. Nie przesy\u0142amy danych osobowych poza Europejski Obszar Gospodarczy. Przetwarzamy dane zwyk\u0142e, chocia\u017c w ramach wykonywania czynno\u015bci w toku post\u0119powania prowadzonego przez komornika s\u0105dowego przetwarzamy te\u017c szczeg\u00f3lne kategorie danych osobowych oraz o wyrokach skazuj\u0105cych i czynach zabronionych. Dane te przechowujemy w okresie w jakim jeste\u015bmy do tego zobowi\u0105zani zgodnie z przepisami prawa. Podanie danych jest dobrowolne, nie mniej jednak w niekt\u00f3rych sytuacjach, ich niepodanie lub ograniczenie zgody na ich przetwarzanie mo\u017ce skutkowa\u0107 brakiem mo\u017cliwo\u015bci wykonania na Twoj\u0105 rzecz \u017c\u0105danej czynno\u015bci lub za\u0142atwienia sprawy z jak\u0105 si\u0119 do nas zwracasz.<\/p><p>Administratorem Pa\u0144stwa danych osobowych jest Komornik S\u0105dowy<\/p><p>dane kontaktowe znajduj\u0105 si\u0119 w zak\u0142adce Kontakt<\/p><div>\u00a0<\/div>\t\t\t\t\t\t\t\t<\/div>\n\t\t\t\t<\/div>\n\t\t\t\t\t<\/div>\n\t\t<\/div>\n\t\t\t\t<div class=\"elementor-column elementor-col-33 elementor-top-column elementor-element elementor-element-4d4697f\" data-id=\"4d4697f\" data-element_type=\"column\" data-e-type=\"column\">\n\t\t\t<div class=\"elementor-widget-wrap elementor-element-populated\">\n\t\t\t\t\t\t<div class=\"elementor-element elementor-element-a99ed74 elementor-widget elementor-widget-image\" data-id=\"a99ed74\" data-element_type=\"widget\" data-e-type=\"widget\" data-widget_type=\"image.default\">\n\t\t\t\t<div class=\"elementor-widget-container\">\n\t\t\t\t\t\t\t\t\t\t\t\t\t\t\t<img fetchpriority=\"high\" decoding=\"async\" width=\"505\" height=\"1024\" src=\"https:\/\/ostroleka-komornik.com\/wp-content\/uploads\/2021\/12\/a-book-3342628_1920-505x1024.png\" class=\"attachment-large size-large wp-image-438\" alt=\"\" srcset=\"https:\/\/ostroleka-komornik.com\/wp-content\/uploads\/2021\/12\/a-book-3342628_1920-505x1024.png 505w, https:\/\/ostroleka-komornik.com\/wp-content\/uploads\/2021\/12\/a-book-3342628_1920-148x300.png 148w, https:\/\/ostroleka-komornik.com\/wp-content\/uploads\/2021\/12\/a-book-3342628_1920-768x1559.png 768w, https:\/\/ostroleka-komornik.com\/wp-content\/uploads\/2021\/12\/a-book-3342628_1920-757x1536.png 757w, https:\/\/ostroleka-komornik.com\/wp-content\/uploads\/2021\/12\/a-book-3342628_1920.png 946w\" sizes=\"(max-width: 505px) 100vw, 505px\" \/>\t\t\t\t\t\t\t\t\t\t\t\t\t\t\t<\/div>\n\t\t\t\t<\/div>\n\t\t\t\t\t<\/div>\n\t\t<\/div>\n\t\t\t\t\t<\/div>\n\t\t<\/section>\n\t\t\t\t<\/div>\n\t\t","protected":false},"excerpt":{"rendered":"<p>RODO Je\u017celi jeste\u015b Stron\u0105 i\/lub Uczestnikiem post\u0119powania, jeste\u015b ju\u017c naszym Kontrahentem lub Klientem lub je\u017celi posiadamy ju\u017c Twoje dane osobowe (w tym powierzono nam je na podstawie w\u0142a\u015bciwych um\u00f3w lub przepis\u00f3w prawa lub zgody), informujemy, \u017ce mo\u017cesz w ka\u017cdej chwili za\u017c\u0105da\u0107 do nich dost\u0119pu, ich sprostowania, usuni\u0119cia, ograniczenia przetwarzania, przeniesienia lub masz prawo do wniesienia [&hellip;]<\/p>\n","protected":false},"author":1,"featured_media":0,"parent":0,"menu_order":0,"comment_status":"closed","ping_status":"closed","template":"","meta":{"om_disable_all_campaigns":false,"_monsterinsights_skip_tracking":false,"_monsterinsights_sitenote_active":false,"_monsterinsights_sitenote_note":"","_monsterinsights_sitenote_category":0,"footnotes":""},"class_list":["post-419","page","type-page","status-publish","hentry"],"_links":{"self":[{"href":"https:\/\/ostroleka-komornik.com\/index.php\/wp-json\/wp\/v2\/pages\/419","targetHints":{"allow":["GET"]}}],"collection":[{"href":"https:\/\/ostroleka-komornik.com\/index.php\/wp-json\/wp\/v2\/pages"}],"about":[{"href":"https:\/\/ostroleka-komornik.com\/index.php\/wp-json\/wp\/v2\/types\/page"}],"author":[{"embeddable":true,"href":"https:\/\/ostroleka-komornik.com\/index.php\/wp-json\/wp\/v2\/users\/1"}],"replies":[{"embeddable":true,"href":"https:\/\/ostroleka-komornik.com\/index.php\/wp-json\/wp\/v2\/comments?post=419"}],"version-history":[{"count":28,"href":"https:\/\/ostroleka-komornik.com\/index.php\/wp-json\/wp\/v2\/pages\/419\/revisions"}],"predecessor-version":[{"id":936,"href":"https:\/\/ostroleka-komornik.com\/index.php\/wp-json\/wp\/v2\/pages\/419\/revisions\/936"}],"wp:attachment":[{"href":"https:\/\/ostroleka-komornik.com\/index.php\/wp-json\/wp\/v2\/media?parent=419"}],"curies":[{"name":"wp","href":"https:\/\/api.w.org\/{rel}","templated":true}]}}