{"id":405,"date":"2021-12-30T09:37:52","date_gmt":"2021-12-30T08:37:52","guid":{"rendered":"https:\/\/ostroleka-komornik.com\/?page_id=405"},"modified":"2026-03-09T14:01:52","modified_gmt":"2026-03-09T13:01:52","slug":"licytacje","status":"publish","type":"page","link":"https:\/\/ostroleka-komornik.com\/index.php\/licytacje\/","title":{"rendered":"Licytacje"},"content":{"rendered":"\t\t<div data-elementor-type=\"wp-page\" data-elementor-id=\"405\" class=\"elementor elementor-405\">\n\t\t\t\t\t\t<section class=\"elementor-section elementor-top-section elementor-element elementor-element-4245e418 elementor-section-content-middle elementor-section-boxed elementor-section-height-default elementor-section-height-default elementor-invisible\" data-id=\"4245e418\" data-element_type=\"section\" data-e-type=\"section\" data-settings=\"{&quot;background_background&quot;:&quot;classic&quot;,&quot;animation&quot;:&quot;fadeIn&quot;}\">\n\t\t\t\t\t\t<div class=\"elementor-container elementor-column-gap-no\">\n\t\t\t\t\t<div class=\"elementor-column elementor-col-50 elementor-top-column elementor-element elementor-element-6ba4f27\" data-id=\"6ba4f27\" data-element_type=\"column\" data-e-type=\"column\">\n\t\t\t<div class=\"elementor-widget-wrap elementor-element-populated\">\n\t\t\t\t\t\t<div class=\"elementor-element elementor-element-50e7d37 elementor-widget-divider--view-line elementor-widget elementor-widget-divider\" data-id=\"50e7d37\" data-element_type=\"widget\" data-e-type=\"widget\" data-widget_type=\"divider.default\">\n\t\t\t\t<div class=\"elementor-widget-container\">\n\t\t\t\t\t\t\t<div class=\"elementor-divider\">\n\t\t\t<span class=\"elementor-divider-separator\">\n\t\t\t\t\t\t<\/span>\n\t\t<\/div>\n\t\t\t\t\t\t<\/div>\n\t\t\t\t<\/div>\n\t\t\t\t\t<\/div>\n\t\t<\/div>\n\t\t\t\t<div class=\"elementor-column elementor-col-50 elementor-top-column elementor-element elementor-element-1a39a7eb\" data-id=\"1a39a7eb\" data-element_type=\"column\" data-e-type=\"column\">\n\t\t\t<div class=\"elementor-widget-wrap elementor-element-populated\">\n\t\t\t\t\t\t<div class=\"elementor-element elementor-element-744ae958 elementor-widget elementor-widget-heading\" data-id=\"744ae958\" data-element_type=\"widget\" data-e-type=\"widget\" data-widget_type=\"heading.default\">\n\t\t\t\t<div class=\"elementor-widget-container\">\n\t\t\t\t\t<h4 class=\"elementor-heading-title elementor-size-default\">Licytacje<br><br>Oferty sprzeda\u017cy z wolnej r\u0119ki<\/h4>\t\t\t\t<\/div>\n\t\t\t\t<\/div>\n\t\t\t\t\t<\/div>\n\t\t<\/div>\n\t\t\t\t\t<\/div>\n\t\t<\/section>\n\t\t\t\t<section class=\"elementor-section elementor-top-section elementor-element elementor-element-40561dd4 elementor-section-content-middle elementor-section-boxed elementor-section-height-default elementor-section-height-default elementor-invisible\" data-id=\"40561dd4\" data-element_type=\"section\" data-e-type=\"section\" data-settings=\"{&quot;background_background&quot;:&quot;classic&quot;,&quot;animation&quot;:&quot;fadeIn&quot;}\">\n\t\t\t\t\t\t<div class=\"elementor-container elementor-column-gap-no\">\n\t\t\t\t\t<div class=\"elementor-column elementor-col-50 elementor-top-column elementor-element elementor-element-6207a1e\" data-id=\"6207a1e\" data-element_type=\"column\" data-e-type=\"column\">\n\t\t\t<div class=\"elementor-widget-wrap\">\n\t\t\t\t\t\t\t<\/div>\n\t\t<\/div>\n\t\t\t\t<div class=\"elementor-column elementor-col-50 elementor-top-column elementor-element elementor-element-5163b95b\" data-id=\"5163b95b\" data-element_type=\"column\" data-e-type=\"column\">\n\t\t\t<div class=\"elementor-widget-wrap elementor-element-populated\">\n\t\t\t\t\t\t<div class=\"elementor-element elementor-element-21f79c94 elementor-widget elementor-widget-text-editor\" data-id=\"21f79c94\" data-element_type=\"widget\" data-e-type=\"widget\" data-widget_type=\"text-editor.default\">\n\t\t\t\t<div class=\"elementor-widget-container\">\n\t\t\t\t\t\t\t\t\t<p>Komornik S\u0105dowy przy S\u0105dzie Rejonowym w Ostro\u0142\u0119ce Rafa\u0142 Mizerek w sprawie KM 5538\/24 oferuje w trybie sprzeda\u017cy z wolnej r\u0119ki nieruchomo\u015bci po\u0142o\u017con\u0105 pod adresem: 07-440 Grodzisk Ma\u0142y, dzia\u0142ka 204\/2 , dla kt\u00f3rej S\u0105d Rejonowy w Ostro\u0142\u0119ce VI Wydzia\u0142 Ksi\u0105g Wieczystych prowadzi ksi\u0119g\u0119 wieczyst\u0105 o numerze OS1O\/00075243\/2 o powierzchni 3\u00a0000,00 m2, niezabudowanej.<br \/>Nieruchomo\u015b\u0107 mo\u017cna naby\u0107 po cenie nie ni\u017cszej ni\u017c warto\u015b\u0107 oszacowania, tj 48\u00a0000,00 z\u0142.<br \/>Oferowana nieruchomo\u015b\u0107 to: <br \/>Dzia\u0142ka nr 204\/2 zajmuje powierzchni\u0119 0,3000 ha i ma nieregularny, zbli\u017cony do litery \u201eL\u201d, kt\u00f3ry od p\u00f3\u0142nocy ograniczony jest drog\u0105 gminn\u0105, asfaltow\u0105, od p\u00f3\u0142nocnego \u2013 wschodu s\u0105siaduje z dzia\u0142k\u0105 zabudowan\u0105 budynkiem mieszkalnym, jednorodzinnym, a z pozosta\u0142ych stron s\u0105siaduje w dzia\u0142kami rolnymi, niezabudowanymi. <br \/>Cz\u0119\u015b\u0107 p\u00f3\u0142nocna dzia\u0142ki (od strony drogi) w\u0119\u017csza, o szeroko\u015bci oko\u0142o 22 m, cz\u0119\u015b\u0107 po\u0142udniowa dzia\u0142ki szersza, o szeroko\u015bci oko\u0142o 54 m. <br \/>Teren dzia\u0142ki p\u0142aski, nieu\u017cytkowany, poro\u015bni\u0119ty ro\u015blinno\u015bci\u0105 trawiast\u0105.<br \/>Na granicy dzia\u0142ki: p\u00f3\u0142nocnej i wschodniej zlokalizowane s\u0105 dwa s\u0142upy energetyczne. <br \/>Teren, na kt\u00f3rym po\u0142o\u017cona jest dzia\u0142ka jest wyposa\u017cony urz\u0105dzenia infrastruktury technicznej (media bezpo\u015brednio przy granicy dzia\u0142ki):<br \/>energi\u0119 elektryczn\u0105<br \/>wodoci\u0105g gminny<\/p><p>Dost\u0119p do drogi publicznej. <br \/>Przedmiotowa dzia\u0142ka posiada od strony p\u00f3\u0142nocnej bezpo\u015bredni dost\u0119p do drogi publicznej, gminnej, o nawierzchni asfaltowej, oznaczonej jako dzia\u0142ka ewidencyjna nr 188\/2 prowadz\u0105cej oko\u0142o 1 km od drogi powiatowej.<\/p><p>O\u015bwiadczenia o przyj\u0119ciu oferty zakupu nieruchomo\u015bci komornik oczekuje w terminie do 20 marca 2026 r. <br \/><br \/>Przebieg procesu wy\u0142onienia nabywcy:<br \/>Ofert\u0119 nabycia nieruchomo\u015bci nale\u017cy z\u0142o\u017cy\u0107 w formie pisemnej sk\u0142adaj\u0105c osobi\u015bcie lub wysy\u0142aj\u0105c pod adres Kancelarii: ul. \u015bw. Kr\u00f3lowej Jadwigi 12b\/2 07-410 Ostro\u0142\u0119ka, elektronicznie wysy\u0142aj\u0105c pod adres skrzynki e-mail: ostroleka.mizerek@komornik.pl lub adresu e-dor\u0119czenia: AE:PL-29312-31292-IIIVG-18. Termin sk\u0142adania ofert: 20-03-2026 r.<br \/>Spo\u015br\u00f3d z\u0142o\u017conych ofert wybrana zostanie oferta nabywcy oferuj\u0105cego najwy\u017csz\u0105 cen\u0119, w przypadku oferowania takich samych cen, decyduj\u0105ca b\u0119dzie data nadania pisma z ofert\u0105.<br \/>Oferta musi zawiera\u0107 oznaczenie nieruchomo\u015bci, oznaczenie sygnatury sprawy, dane oferenta (imi\u0119, nazwisko, adres, numer PESEL, numer telefonu, adres skrzynki e-mail), proponowan\u0105 cen\u0119 nabycia oraz w\u0142asnor\u0119czny podpis lub podpis elektroniczny. Oferty niekompletne b\u0119d\u0105 odrzucane bez wzywania do uzupe\u0142nienia brak\u00f3w. <br \/>Wp\u0142aty ceny nabycia nale\u017cy dokona\u0107 w terminie 7 dni na wezwanie Komornika.<\/p><p>Dodatkowe informacje udzielane b\u0119d\u0105 telefonicznie 519763332 oraz za po\u015brednictwem e-mail: ostroleka.mizerek@komornik.pl. Formularz oferty dost\u0119pny na stronie internetowej Kancelarii: https:\/\/ostroleka-komornik.com\/index.php\/do-pobrania\/. <\/p>\t\t\t\t\t\t\t\t<\/div>\n\t\t\t\t<\/div>\n\t\t\t\t<div class=\"elementor-element elementor-element-2309d71 elementor-widget elementor-widget-text-editor\" data-id=\"2309d71\" data-element_type=\"widget\" data-e-type=\"widget\" data-widget_type=\"text-editor.default\">\n\t\t\t\t<div class=\"elementor-widget-container\">\n\t\t\t\t\t\t\t\t\t<p>Komornik S\u0105dowy przy S\u0105dzie Rejonowym w Ostro\u0142\u0119ce Rafa\u0142 Mizerek, podaje do publicznej wiadomo\u015bci, \u017ce w dniu 10-04-2026 o godzinie 12:00 rozpocznie si\u0119 pierwsza licytacja elektroniczna nieruchomo\u015bci po\u0142o\u017conej pod adresem: 07-411 Rzeku\u0144, ul. Ostrowska dzia\u0142ka\/28\/4 , dla kt\u00f3rej S\u0105d Rejonowy w Ostro\u0142\u0119ce VI Wydzia\u0142 Ksi\u0105g Wieczystych prowadzi ksi\u0119g\u0119 wieczyst\u0105 o numerze OS1O\/00092288\/4 o powierzchni 1\u00a0380,00 m2, niezabudowanej, b\u0119d\u0105cej w\u0142asno\u015bci\u0105 d\u0142u\u017cnika: MARCIN TRZCI\u0143SKI.<br \/>Zgodnie z miejskim planem zagospodarowania przestrzennego \/ studium uwarunkowa\u0144 i kierunk\u00f3w zagospodarowania przestrzennego nieruchomo\u015b\u0107 po\u0142o\u017cona jest na obszarze oznaczonym jako zabudowa mieszkaniowa-us\u0142ugowa.<br \/>Licytacja zako\u0144czy si\u0119 w dniu 17-04-2026 o godzinie 12:00. Nieruchomo\u015b\u0107 oszacowana jest na kwot\u0119 188\u00a0000,00 z\u0142. Cena wywo\u0142ania wynosi trzy czwarte warto\u015bci szacunkowej tj. kwot\u0119 141\u00a0000,00 z\u0142.<br \/>Licytant przyst\u0119puj\u0105cy do przetargu powinien z\u0142o\u017cy\u0107 r\u0119kojmi\u0119 w wysoko\u015bci 1\/10 sumy oszacowania to jest 18\u00a0800,00 z\u0142.<br \/>Nieruchomo\u015b\u0107 mo\u017cna ogl\u0105da\u0107 w ci\u0105gu dw\u00f3ch tygodni przed licytacj\u0105 w godzinach od 10.00 do 18.00.<br \/>Sprzeda\u017c w drodze licytacji elektronicznej jest dokonywana za po\u015brednictwem systemu teleinformatycznego dost\u0119pnego pod adresem: https:\/\/elicytacje.komornik.pl\/.<\/p><p>Przyst\u0105pienie do przetargu wymaga zg\u0142oszenia przyst\u0105pienia w systemie teleinformatycznym obs\u0142uguj\u0105cym licytacje elektroniczne dost\u0119pnym pod adresem: https:\/\/elicytacje.komornik.pl na 2 dni robocze przed rozpocz\u0119ciem przetargu. Warunkiem udzia\u0142u w przetargu jest utworzenie indywidualnego konta w systemie teleinformatycznym.<\/p><p>R\u0119kojmi\u0119 nale\u017cy z\u0142o\u017cy\u0107 na rachunek bankowy komornika numer:<\/p><p>Bank BNP Paribas SA 57 16001462 1823 1578 4000 0003<\/p><p>najp\u00f3\u017aniej na 2 dni robocze przed rozpocz\u0119ciem przetargu. Za dat\u0119 z\u0142o\u017cenia r\u0119kojmi przyjmuje si\u0119 dzie\u0144 uznania rachunku bankowego komornika. Przepisu art. 964 kpc nie stosuje si\u0119. Wraz z r\u0119kojmi\u0105 licytant zobowi\u0105zany jest do podania w systemie teleinformatycznym danych niezb\u0119dnych do wydania postanowienia o przybiciu: numeru pesel, numeru dokumentu stwierdzaj\u0105cego to\u017csamo\u015b\u0107 i o\u015bwiadczenia, czy pozostaje w zwi\u0105zku ma\u0142\u017ce\u0144skim, a je\u017celi tak, czy nieruchomo\u015b\u0107 zamierza naby\u0107 do maj\u0105tku wsp\u00f3lnego czy osobistego, oraz do wskazania, czy licytuje we w\u0142asnym imieniu czy jako pe\u0142nomocnik innej osoby, a tak\u017ce innych danych, je\u017celi potrzeba ich podania wynika z przepis\u00f3w odr\u0119bnych ustaw.<\/p><p>W razie potrzeby komornik niezw\u0142ocznie wzywa licytanta, pod rygorem niedopuszczenia do udzia\u0142u w przetargu, za po\u015brednictwem systemu teleinformatycznego do uzupe\u0142nienia danych, a je\u017celi udzia\u0142 w przetargu wymaga zezwolenia organu w\u0142adzy publicznej lub wykazania umocowania do wyst\u0119powania w imieniu innej osoby &#8211; do przed\u0142o\u017cenia utrwalonych w postaci elektronicznej kopii wymaganych dokument\u00f3w w terminie 3 dni, nie p\u00f3\u017aniej ni\u017c dzie\u0144 przed terminem licytacji.<br \/>Komornik potwierdza fakt z\u0142o\u017cenia r\u0119kojmi i podania danych niezw\u0142ocznie po ich otrzymaniu, poprzez dopuszczenie licytanta do udzia\u0142u w przetargu. O odmowie dopuszczenia do przetargu zawiadamia si\u0119 zainteresowanego za po\u015brednictwem systemu teleinformatycznego.<br \/>W przetargu nie mog\u0105 uczestniczy\u0107: d\u0142u\u017cnik, komornik, ich ma\u0142\u017conkowie, dzieci, rodzice i rodze\u0144stwo oraz osoby obecne na licytacji w charakterze urz\u0119dowym, licytant, kt\u00f3ry nie wykona\u0142 warunk\u00f3w poprzedniej licytacji, osoby, kt\u00f3re mog\u0105 naby\u0107 nieruchomo\u015b\u0107 tylko za zezwoleniem organu pa\u0144stwowego, a zezwolenia tego nie przedstawi\u0142y.<\/p><p>Przetarg rozpoczyna si\u0119 i ko\u0144czy z chwil\u0105 wskazan\u0105 w obwieszczeniu o licytacji nieruchomo\u015bci. Je\u017celi w ci\u0105gu 5 minut przed planowanym terminem zako\u0144czenia przetargu zg\u0142oszono post\u0105pienie, termin ten ulega odroczeniu o 5 minut. Je\u017celi w dodatkowym czasie zg\u0142oszono dalsze post\u0105pienie, termin zako\u0144czenia przetargu podlega ka\u017cdorazowo odroczeniu o kolejne 5 minut, a\u017c do momentu gdy ustan\u0105 post\u0105pienia.<br \/>W toku przetargu licytanci ofiaruj\u0105 cen\u0119 nabycia za po\u015brednictwem systemu teleinformatycznego. Przetarg wygrywa licytant, kt\u00f3rego oferta by\u0142a w chwili zako\u0144czenia przetargu najwy\u017csza.<br \/>Po zako\u0144czeniu przetargu komornik za po\u015brednictwem systemu teleinformatycznego informuje licytant\u00f3w o wy\u0142onieniu licytanta ofiaruj\u0105cego najwy\u017csz\u0105 cen\u0119 w chwili zako\u0144czenia przetargu. Skarg\u0119 na odmow\u0119 dopuszczenia do przetargu mo\u017cna z\u0142o\u017cy\u0107 w terminie 3 dni od dnia odmowy dopuszczenia do przetargu, a na przebieg przetargu &#8211; w terminie 3 dni od dnia jego zako\u0144czenia.<br \/>Licytanci i osoby, kt\u00f3rych nie dopuszczono do przetargu, mog\u0105 z\u0142o\u017cy\u0107 skarg\u0119 wy\u0142\u0105cznie za po\u015brednictwem systemu teleinformatycznego. Skarg\u0119 za po\u015brednictwem systemu teleinformatycznego mog\u0105 z\u0142o\u017cy\u0107 tak\u017ce inne osoby, o ile posiadaj\u0105 w tym systemie konto.<\/p><p>Prawa os\u00f3b trzecich nie b\u0119d\u0105 przeszkod\u0105 do licytacji i przys\u0105dzenia w\u0142asno\u015bci na rzecz nabywcy bez zastrze\u017ce\u0144, je\u017celi osoby te przed rozpocz\u0119ciem przetargu nie z\u0142o\u017c\u0105 dowodu, i\u017c wnios\u0142y pow\u00f3dztwo o zwolnienie nieruchomo\u015bci lub przedmiot\u00f3w razem z ni\u0105 zaj\u0119tych od egzekucji i uzyska\u0142y w tym zakresie orzeczenie wstrzymuj\u0105ce egzekucj\u0119. U\u017cytkowanie, s\u0142u\u017cebno\u015bci i prawa do\u017cywotnika, je\u017celi nie s\u0105 ujawnione w ksi\u0119dze wieczystej lub przez z\u0142o\u017cenie dokumentu do zbioru dokument\u00f3w i nie zostan\u0105 zg\u0142oszone najp\u00f3\u017aniej na trzy dni przed rozpocz\u0119ciem licytacji, nie b\u0119d\u0105 uwzgl\u0119dnione w dalszym toku egzekucji i wygasn\u0105 z chwil\u0105 uprawomocnienia si\u0119 postanowienia o przys\u0105dzeniu w\u0142asno\u015bci.<\/p>\t\t\t\t\t\t\t\t<\/div>\n\t\t\t\t<\/div>\n\t\t\t\t\t<\/div>\n\t\t<\/div>\n\t\t\t\t\t<\/div>\n\t\t<\/section>\n\t\t\t\t<\/div>\n\t\t","protected":false},"excerpt":{"rendered":"<p>Licytacje Oferty sprzeda\u017cy z wolnej r\u0119ki Komornik S\u0105dowy przy S\u0105dzie Rejonowym w Ostro\u0142\u0119ce Rafa\u0142 Mizerek w sprawie KM 5538\/24 oferuje w trybie sprzeda\u017cy z wolnej r\u0119ki nieruchomo\u015bci po\u0142o\u017con\u0105 pod adresem: 07-440 Grodzisk Ma\u0142y, dzia\u0142ka 204\/2 , dla kt\u00f3rej S\u0105d Rejonowy w Ostro\u0142\u0119ce VI Wydzia\u0142 Ksi\u0105g Wieczystych prowadzi ksi\u0119g\u0119 wieczyst\u0105 o numerze OS1O\/00075243\/2 o powierzchni 3\u00a0000,00 [&hellip;]<\/p>\n","protected":false},"author":1,"featured_media":0,"parent":0,"menu_order":0,"comment_status":"closed","ping_status":"closed","template":"","meta":{"om_disable_all_campaigns":false,"_monsterinsights_skip_tracking":false,"_monsterinsights_sitenote_active":false,"_monsterinsights_sitenote_note":"","_monsterinsights_sitenote_category":0,"footnotes":""},"class_list":["post-405","page","type-page","status-publish","hentry"],"_links":{"self":[{"href":"https:\/\/ostroleka-komornik.com\/index.php\/wp-json\/wp\/v2\/pages\/405","targetHints":{"allow":["GET"]}}],"collection":[{"href":"https:\/\/ostroleka-komornik.com\/index.php\/wp-json\/wp\/v2\/pages"}],"about":[{"href":"https:\/\/ostroleka-komornik.com\/index.php\/wp-json\/wp\/v2\/types\/page"}],"author":[{"embeddable":true,"href":"https:\/\/ostroleka-komornik.com\/index.php\/wp-json\/wp\/v2\/users\/1"}],"replies":[{"embeddable":true,"href":"https:\/\/ostroleka-komornik.com\/index.php\/wp-json\/wp\/v2\/comments?post=405"}],"version-history":[{"count":140,"href":"https:\/\/ostroleka-komornik.com\/index.php\/wp-json\/wp\/v2\/pages\/405\/revisions"}],"predecessor-version":[{"id":981,"href":"https:\/\/ostroleka-komornik.com\/index.php\/wp-json\/wp\/v2\/pages\/405\/revisions\/981"}],"wp:attachment":[{"href":"https:\/\/ostroleka-komornik.com\/index.php\/wp-json\/wp\/v2\/media?parent=405"}],"curies":[{"name":"wp","href":"https:\/\/api.w.org\/{rel}","templated":true}]}}