{"id":10,"date":"2021-11-18T08:46:20","date_gmt":"2021-11-18T07:46:20","guid":{"rendered":"https:\/\/ostroleka-komornik.com\/?page_id=10"},"modified":"2025-11-13T09:34:08","modified_gmt":"2025-11-13T08:34:08","slug":"strona-glowna","status":"publish","type":"page","link":"https:\/\/ostroleka-komornik.com\/","title":{"rendered":"Strona G\u0142\u00f3wna"},"content":{"rendered":"\t\t<div data-elementor-type=\"wp-page\" data-elementor-id=\"10\" class=\"elementor elementor-10\">\n\t\t\t\t\t\t<section class=\"elementor-section elementor-top-section elementor-element elementor-element-7908663 elementor-section-boxed elementor-section-height-default elementor-section-height-default\" data-id=\"7908663\" data-element_type=\"section\" data-e-type=\"section\">\n\t\t\t\t\t\t<div class=\"elementor-container elementor-column-gap-default\">\n\t\t\t\t\t<div class=\"elementor-column elementor-col-50 elementor-top-column elementor-element elementor-element-8d627ad\" data-id=\"8d627ad\" data-element_type=\"column\" data-e-type=\"column\">\n\t\t\t<div class=\"elementor-widget-wrap elementor-element-populated\">\n\t\t\t\t\t\t<div class=\"elementor-element elementor-element-b4c6be7 elementor-widget elementor-widget-text-editor\" data-id=\"b4c6be7\" data-element_type=\"widget\" data-e-type=\"widget\" data-widget_type=\"text-editor.default\">\n\t\t\t\t<div class=\"elementor-widget-container\">\n\t\t\t\t\t\t\t\t\t<h3><strong>Rafa\u0142 Mizerek <\/strong><strong>Komornik S\u0105dowy <\/strong><\/h3><h3><strong>przy S\u0105dzie Rejonowym w Ostro\u0142\u0119ce<\/strong><\/h3><h3><strong>Kancelaria Komornicza nr VI<\/strong><\/h3>\t\t\t\t\t\t\t\t<\/div>\n\t\t\t\t<\/div>\n\t\t\t\t\t<\/div>\n\t\t<\/div>\n\t\t\t\t<div class=\"elementor-column elementor-col-50 elementor-top-column elementor-element elementor-element-208ca01\" data-id=\"208ca01\" data-element_type=\"column\" data-e-type=\"column\">\n\t\t\t<div class=\"elementor-widget-wrap elementor-element-populated\">\n\t\t\t\t\t\t\t<\/div>\n\t\t<\/div>\n\t\t\t\t\t<\/div>\n\t\t<\/section>\n\t\t\t\t<section class=\"elementor-section elementor-top-section elementor-element elementor-element-6eb8491 elementor-section-full_width elementor-section-height-full elementor-section-stretched elementor-section-height-default elementor-section-items-middle elementor-invisible\" data-id=\"6eb8491\" data-element_type=\"section\" data-e-type=\"section\" data-settings=\"{&quot;background_background&quot;:&quot;slideshow&quot;,&quot;animation&quot;:&quot;fadeIn&quot;,&quot;stretch_section&quot;:&quot;section-stretched&quot;,&quot;background_slideshow_gallery&quot;:[],&quot;background_slideshow_loop&quot;:&quot;yes&quot;,&quot;background_slideshow_slide_duration&quot;:5000,&quot;background_slideshow_slide_transition&quot;:&quot;fade&quot;,&quot;background_slideshow_transition_duration&quot;:500}\">\n\t\t\t\t\t\t\t<div class=\"elementor-background-overlay\"><\/div>\n\t\t\t\t\t\t\t<div class=\"elementor-container elementor-column-gap-default\">\n\t\t\t\t\t<div class=\"elementor-column elementor-col-50 elementor-top-column elementor-element elementor-element-c1a377a\" data-id=\"c1a377a\" data-element_type=\"column\" data-e-type=\"column\">\n\t\t\t<div class=\"elementor-widget-wrap elementor-element-populated\">\n\t\t\t\t\t\t<div class=\"elementor-element elementor-element-6cddcfa elementor-widget__width-inherit elementor-widget elementor-widget-text-editor\" data-id=\"6cddcfa\" data-element_type=\"widget\" data-e-type=\"widget\" data-settings=\"{&quot;_animation&quot;:&quot;none&quot;}\" data-widget_type=\"text-editor.default\">\n\t\t\t\t<div class=\"elementor-widget-container\">\n\t\t\t\t\t\t\t\t\t<p><strong>Komornik S\u0105dowy Rafa\u0142 Mizerek<\/strong><\/p><p><strong>Kancelaria czynna\u00a0<\/strong><\/p><p>od Poniedzia\u0142ku do Pi\u0105tku w godzinach 8:30-15:00.<\/p><p>Interesant\u00f3w zapraszamy we wtorki w godzinach: 9-12 oraz 14-16<\/p><p>inne terminy po uprzednim um\u00f3wieniu si\u0119.<\/p><p><strong>Adres<\/strong><\/p><p>Ostro\u0142\u0119ka ul. \u015aw. Kr\u00f3lowej Jadwigi 12b\/2 07-410 Ostro\u0142\u0119ka<\/p><p>Telefon kontaktowy do Kancelarii: 519 763 332.<\/p><p>E-mail: ostroleka.mizerek@komornik.pl<\/p><p><span style=\"text-align: center; background-color: #d8d4c9;\">Adres do e-Dor\u0119cze\u0144:\u00a0 \u00a0 \u00a0AE:PL-29312-31292-IIIVG-18<\/span><\/p><p>ePUAP: \/KS_RafalM\/ezbiegi<\/p><p>ID Komornika EPU: 2755<\/p><p>Rachunek bankowy<\/p><p>Bank BNP Paribas SA 57 16001462 1823 1578 4000 0003<\/p>\t\t\t\t\t\t\t\t<\/div>\n\t\t\t\t<\/div>\n\t\t\t\t\t<\/div>\n\t\t<\/div>\n\t\t\t\t<div class=\"elementor-column elementor-col-50 elementor-top-column elementor-element elementor-element-7d7c813\" data-id=\"7d7c813\" data-element_type=\"column\" data-e-type=\"column\">\n\t\t\t<div class=\"elementor-widget-wrap elementor-element-populated\">\n\t\t\t\t\t\t\t<\/div>\n\t\t<\/div>\n\t\t\t\t\t<\/div>\n\t\t<\/section>\n\t\t\t\t<\/div>\n\t\t","protected":false},"excerpt":{"rendered":"<p>Rafa\u0142 Mizerek Komornik S\u0105dowy przy S\u0105dzie Rejonowym w Ostro\u0142\u0119ce Kancelaria Komornicza nr VI Komornik S\u0105dowy Rafa\u0142 Mizerek Kancelaria czynna\u00a0 od Poniedzia\u0142ku do Pi\u0105tku w godzinach 8:30-15:00. Interesant\u00f3w zapraszamy we wtorki w godzinach: 9-12 oraz 14-16 inne terminy po uprzednim um\u00f3wieniu si\u0119. Adres Ostro\u0142\u0119ka ul. \u015aw. Kr\u00f3lowej Jadwigi 12b\/2 07-410 Ostro\u0142\u0119ka Telefon kontaktowy do Kancelarii: 519 [&hellip;]<\/p>\n","protected":false},"author":1,"featured_media":0,"parent":0,"menu_order":0,"comment_status":"closed","ping_status":"closed","template":"","meta":{"om_disable_all_campaigns":false,"_monsterinsights_skip_tracking":false,"_monsterinsights_sitenote_active":false,"_monsterinsights_sitenote_note":"","_monsterinsights_sitenote_category":0,"footnotes":""},"class_list":["post-10","page","type-page","status-publish","hentry"],"_links":{"self":[{"href":"https:\/\/ostroleka-komornik.com\/index.php\/wp-json\/wp\/v2\/pages\/10","targetHints":{"allow":["GET"]}}],"collection":[{"href":"https:\/\/ostroleka-komornik.com\/index.php\/wp-json\/wp\/v2\/pages"}],"about":[{"href":"https:\/\/ostroleka-komornik.com\/index.php\/wp-json\/wp\/v2\/types\/page"}],"author":[{"embeddable":true,"href":"https:\/\/ostroleka-komornik.com\/index.php\/wp-json\/wp\/v2\/users\/1"}],"replies":[{"embeddable":true,"href":"https:\/\/ostroleka-komornik.com\/index.php\/wp-json\/wp\/v2\/comments?post=10"}],"version-history":[{"count":206,"href":"https:\/\/ostroleka-komornik.com\/index.php\/wp-json\/wp\/v2\/pages\/10\/revisions"}],"predecessor-version":[{"id":949,"href":"https:\/\/ostroleka-komornik.com\/index.php\/wp-json\/wp\/v2\/pages\/10\/revisions\/949"}],"wp:attachment":[{"href":"https:\/\/ostroleka-komornik.com\/index.php\/wp-json\/wp\/v2\/media?parent=10"}],"curies":[{"name":"wp","href":"https:\/\/api.w.org\/{rel}","templated":true}]}}